{"id":67,"date":"2019-06-21T21:42:49","date_gmt":"2019-06-21T19:42:49","guid":{"rendered":"http:\/\/carloo.be\/?page_id=67"},"modified":"2026-03-10T17:35:40","modified_gmt":"2026-03-10T16:35:40","slug":"accueil","status":"publish","type":"page","link":"https:\/\/carloo.be\/","title":{"rendered":"Accueil"},"content":{"rendered":"\n<p>Bienvenue,   <\/p>\n\n\n<div class=\"wp-block-image\">\n<figure class=\"alignleft is-resized\"><img decoding=\"async\" loading=\"lazy\" src=\"http:\/\/carloo.be\/wp-content\/uploads\/2019\/07\/Carloo-Cantores-LOGO-2019-HD-2.jpg\" alt=\"\" class=\"wp-image-120\" width=\"323\" height=\"243\" srcset=\"https:\/\/carloo.be\/wp-content\/uploads\/2019\/07\/Carloo-Cantores-LOGO-2019-HD-2.jpg 723w, https:\/\/carloo.be\/wp-content\/uploads\/2019\/07\/Carloo-Cantores-LOGO-2019-HD-2-300x227.jpg 300w, https:\/\/carloo.be\/wp-content\/uploads\/2019\/07\/Carloo-Cantores-LOGO-2019-HD-2-272x204.jpg 272w\" sizes=\"(max-width: 323px) 100vw, 323px\" \/><\/figure><\/div>\n\n\n<p>La chorale mixte Carloo Cantores bas\u00e9e \u00e0 Uccle (Bruxelles &#8211; Sud) est compos\u00e9e aujourd\u2019hui de 30 choristes r\u00e9partis en 4 pupitres. Convivialit\u00e9 dans l&rsquo;apprentissage, plaisir de chanter ensemble tout en faisant de la musique de qualit\u00e9, voil\u00e0 leur ma\u00eetre mot.<\/p>\n\n\n\n<p>Le groupe souhaiterait accueillir des chanteurs motiv\u00e9s (principalement t\u00e9nors et basses), r\u00e9guliers aux r\u00e9p\u00e9titions. Pas n\u00e9cessaire de savoir lire la musique mais pr\u00eats \u00e0 apprendre \u00e0 d\u00e9chiffrer rapidement.<\/p>\n\n\n\n<p>Convivialit\u00e9 dans l&rsquo;apprentissage, plaisir de chanter ensemble tout en faisant de la musique de qualit\u00e9, voil\u00e0 son ma\u00eetre mot.<\/p>\n\n\n\n<p> Si vous \u00eates int\u00e9ress\u00e9s, contactez Jacqueline de Cumont (<a href=\"mailto:jac.decumont@gmail.com\">jac.decumont@gmail.com<\/a>). Bon accueil vous sera fait.<\/p>\n\n\n\n<figure class=\"wp-block-image\"><img decoding=\"async\" loading=\"lazy\" width=\"1024\" height=\"768\" src=\"http:\/\/carloo.be\/wp-content\/uploads\/2022\/03\/carloo-chorale-uccle-presentation-1024x768.jpg\" alt=\"\" class=\"wp-image-246\" srcset=\"https:\/\/carloo.be\/wp-content\/uploads\/2022\/03\/carloo-chorale-uccle-presentation-1024x768.jpg 1024w, https:\/\/carloo.be\/wp-content\/uploads\/2022\/03\/carloo-chorale-uccle-presentation-300x225.jpg 300w, https:\/\/carloo.be\/wp-content\/uploads\/2022\/03\/carloo-chorale-uccle-presentation-768x576.jpg 768w, https:\/\/carloo.be\/wp-content\/uploads\/2022\/03\/carloo-chorale-uccle-presentation-272x204.jpg 272w\" sizes=\"(max-width: 1024px) 100vw, 1024px\" \/><\/figure>\n","protected":false},"excerpt":{"rendered":"<p>Bienvenue, La chorale mixte Carloo Cantores bas\u00e9e \u00e0 Uccle (Bruxelles &#8211; Sud) est compos\u00e9e aujourd\u2019hui de 30 choristes r\u00e9partis en 4 pupitres. Convivialit\u00e9 dans l&rsquo;apprentissage, plaisir de chanter ensemble tout en faisant de la musique de qualit\u00e9, voil\u00e0 leur ma\u00eetre mot. Le groupe souhaiterait accueillir des chanteurs motiv\u00e9s (principalement t\u00e9nors et basses), r\u00e9guliers aux r\u00e9p\u00e9titions. [&hellip;]<\/p>\n","protected":false},"author":1,"featured_media":102,"parent":0,"menu_order":0,"comment_status":"closed","ping_status":"closed","template":"","meta":[],"_links":{"self":[{"href":"https:\/\/carloo.be\/index.php\/wp-json\/wp\/v2\/pages\/67"}],"collection":[{"href":"https:\/\/carloo.be\/index.php\/wp-json\/wp\/v2\/pages"}],"about":[{"href":"https:\/\/carloo.be\/index.php\/wp-json\/wp\/v2\/types\/page"}],"author":[{"embeddable":true,"href":"https:\/\/carloo.be\/index.php\/wp-json\/wp\/v2\/users\/1"}],"replies":[{"embeddable":true,"href":"https:\/\/carloo.be\/index.php\/wp-json\/wp\/v2\/comments?post=67"}],"version-history":[{"count":17,"href":"https:\/\/carloo.be\/index.php\/wp-json\/wp\/v2\/pages\/67\/revisions"}],"predecessor-version":[{"id":322,"href":"https:\/\/carloo.be\/index.php\/wp-json\/wp\/v2\/pages\/67\/revisions\/322"}],"wp:featuredmedia":[{"embeddable":true,"href":"https:\/\/carloo.be\/index.php\/wp-json\/wp\/v2\/media\/102"}],"wp:attachment":[{"href":"https:\/\/carloo.be\/index.php\/wp-json\/wp\/v2\/media?parent=67"}],"curies":[{"name":"wp","href":"https:\/\/api.w.org\/{rel}","templated":true}]}}